{"id":2,"date":"2023-10-23T10:02:23","date_gmt":"2023-10-23T10:02:23","guid":{"rendered":"https:\/\/web4.rkinformatika.net\/asesoriasopela\/?page_id=2"},"modified":"2023-10-24T10:42:44","modified_gmt":"2023-10-24T10:42:44","slug":"inicio","status":"publish","type":"page","link":"https:\/\/asesoriasopela.com\/eu\/","title":{"rendered":"Hasiera"},"content":{"rendered":"<div data-elementor-type=\"wp-page\" data-elementor-id=\"2\" class=\"elementor elementor-2\" data-elementor-post-type=\"page\">\n\t\t\t\t\t\t<section class=\"elementor-section elementor-top-section elementor-element elementor-element-f9d974f elementor-section-boxed elementor-section-height-default elementor-section-height-default\" data-id=\"f9d974f\" data-element_type=\"section\" data-e-type=\"section\" data-settings=\"{&quot;background_background&quot;:&quot;classic&quot;}\">\n\t\t\t\t\t\t\t<div class=\"elementor-background-overlay\"><\/div>\n\t\t\t\t\t\t\t<div class=\"elementor-container elementor-column-gap-default\">\n\t\t\t\t\t<div class=\"elementor-column elementor-col-100 elementor-top-column elementor-element elementor-element-7669299\" data-id=\"7669299\" data-element_type=\"column\" data-e-type=\"column\">\n\t\t\t<div class=\"elementor-widget-wrap elementor-element-populated\">\n\t\t\t\t\t\t<div class=\"elementor-element elementor-element-b7f3c8c elementor-widget__width-initial elementor-widget elementor-widget-heading\" data-id=\"b7f3c8c\" data-element_type=\"widget\" data-e-type=\"widget\" data-widget_type=\"heading.default\">\n\t\t\t\t<div class=\"elementor-widget-container\">\n\t\t\t\t\t<h2 class=\"elementor-heading-title elementor-size-default\">ONGI ETORRI <\/h2>\t\t\t\t<\/div>\n\t\t\t\t<\/div>\n\t\t\t\t<div class=\"elementor-element elementor-element-4d9da37 elementor-widget-mobile__width-initial elementor-widget elementor-widget-heading\" data-id=\"4d9da37\" data-element_type=\"widget\" data-e-type=\"widget\" data-widget_type=\"heading.default\">\n\t\t\t\t<div class=\"elementor-widget-container\">\n\t\t\t\t\t<h2 class=\"elementor-heading-title elementor-size-default\">ASESOR\u00cdA SOPELA ra<\/h2>\t\t\t\t<\/div>\n\t\t\t\t<\/div>\n\t\t\t\t\t<\/div>\n\t\t<\/div>\n\t\t\t\t\t<\/div>\n\t\t<\/section>\n\t\t\t\t<section class=\"elementor-section elementor-top-section elementor-element elementor-element-6ae6adf9 elementor-section-boxed elementor-section-height-default elementor-section-height-default\" data-id=\"6ae6adf9\" data-element_type=\"section\" data-e-type=\"section\">\n\t\t\t\t\t\t<div class=\"elementor-container elementor-column-gap-default\">\n\t\t\t\t\t<div class=\"elementor-column elementor-col-50 elementor-top-column elementor-element elementor-element-5503cc83\" data-id=\"5503cc83\" data-element_type=\"column\" data-e-type=\"column\">\n\t\t\t<div class=\"elementor-widget-wrap elementor-element-populated\">\n\t\t\t\t\t\t<section class=\"elementor-section elementor-inner-section elementor-element elementor-element-7a547a45 elementor-reverse-mobile elementor-section-boxed elementor-section-height-default elementor-section-height-default\" data-id=\"7a547a45\" data-element_type=\"section\" data-e-type=\"section\">\n\t\t\t\t\t\t<div class=\"elementor-container elementor-column-gap-default\">\n\t\t\t\t\t<div class=\"elementor-column elementor-col-50 elementor-inner-column elementor-element elementor-element-1d6a240b elementor-hidden-mobile elementor-invisible\" data-id=\"1d6a240b\" data-element_type=\"column\" data-e-type=\"column\" data-settings=\"{&quot;background_background&quot;:&quot;classic&quot;,&quot;animation&quot;:&quot;fadeInLeft&quot;}\">\n\t\t\t<div class=\"elementor-widget-wrap\">\n\t\t\t\t\t\t\t<\/div>\n\t\t<\/div>\n\t\t\t\t<div class=\"elementor-column elementor-col-50 elementor-inner-column elementor-element elementor-element-13ade9d2\" data-id=\"13ade9d2\" data-element_type=\"column\" data-e-type=\"column\">\n\t\t\t<div class=\"elementor-widget-wrap elementor-element-populated\">\n\t\t\t\t\t\t<div class=\"elementor-element elementor-element-26c102b8 elementor-invisible elementor-widget elementor-widget-image\" data-id=\"26c102b8\" data-element_type=\"widget\" data-e-type=\"widget\" data-settings=\"{&quot;_animation&quot;:&quot;fadeInLeft&quot;,&quot;_animation_delay&quot;:200}\" data-widget_type=\"image.default\">\n\t\t\t\t<div class=\"elementor-widget-container\">\n\t\t\t\t\t\t\t\t\t\t\t\t\t\t\t<img decoding=\"async\" src=\"https:\/\/asesoriasopela.com\/wp-content\/uploads\/elementor\/thumbs\/group-of-business-consultant-working-management-big-data-and-analyze-financial-document-of-company-qeae4ii6b9itihf1nlbmcq6dzw7y4ua506j9ehk9c0.jpg\" title=\"group-of-business-consultant-working-management-big-data-and-analyze-financial-document-of-company.jpg\" alt=\"group-of-business-consultant-working-management-big-data-and-analyze-financial-document-of-company.jpg\" loading=\"lazy\" \/>\t\t\t\t\t\t\t\t\t\t\t\t\t\t\t<\/div>\n\t\t\t\t<\/div>\n\t\t\t\t\t<\/div>\n\t\t<\/div>\n\t\t\t\t\t<\/div>\n\t\t<\/section>\n\t\t\t\t\t<\/div>\n\t\t<\/div>\n\t\t\t\t<div class=\"elementor-column elementor-col-50 elementor-top-column elementor-element elementor-element-6c7402f2\" data-id=\"6c7402f2\" data-element_type=\"column\" data-e-type=\"column\">\n\t\t\t<div class=\"elementor-widget-wrap elementor-element-populated\">\n\t\t\t\t\t\t<div class=\"elementor-element elementor-element-55223db9 elementor-widget-divider--view-line_text elementor-widget-divider--element-align-right elementor-widget__width-initial elementor-widget-mobile__width-initial elementor-invisible elementor-widget elementor-widget-divider\" data-id=\"55223db9\" data-element_type=\"widget\" data-e-type=\"widget\" data-settings=\"{&quot;_animation&quot;:&quot;fadeInUp&quot;}\" data-widget_type=\"divider.default\">\n\t\t\t\t<div class=\"elementor-widget-container\">\n\t\t\t\t\t\t\t<div class=\"elementor-divider\">\n\t\t\t<span class=\"elementor-divider-separator\">\n\t\t\t\t\t\t\t<span class=\"elementor-divider__text elementor-divider__element\">\n\t\t\t\tGURI BURUZ\t\t\t\t<\/span>\n\t\t\t\t\t\t<\/span>\n\t\t<\/div>\n\t\t\t\t\t\t<\/div>\n\t\t\t\t<\/div>\n\t\t\t\t<div class=\"elementor-element elementor-element-187df464 elementor-invisible elementor-widget elementor-widget-heading\" data-id=\"187df464\" data-element_type=\"widget\" data-e-type=\"widget\" data-settings=\"{&quot;_animation&quot;:&quot;fadeInUp&quot;,&quot;_animation_delay&quot;:200}\" data-widget_type=\"heading.default\">\n\t\t\t\t<div class=\"elementor-widget-container\">\n\t\t\t\t\t<h3 class=\"elementor-heading-title elementor-size-default\">Zerga-, lan- eta kontabilitate-arloetan gaitasun eta eskarmentu handiko taldea gara. Gure zerbitzuak eskaintzen ditugu zure xedeak eta helburuak lortzen eta zure bizitzaren finantza-arrakasta maximizatzen laguntzeko. <\/h3>\t\t\t\t<\/div>\n\t\t\t\t<\/div>\n\t\t\t\t<div class=\"elementor-element elementor-element-42c247b1 elementor-widget elementor-widget-text-editor\" data-id=\"42c247b1\" data-element_type=\"widget\" data-e-type=\"widget\" data-widget_type=\"text-editor.default\">\n\t\t\t\t<div class=\"elementor-widget-container\">\n\t\t\t\t\t\t\t\t\t<p><span style=\"vertical-align: inherit;\"><span style=\"vertical-align: inherit;\">Gure bezeroen inbertsio-planak eta finantza pertsonalak maneiatzeko orduan dugun eraginkortasunagatik eta gaitasunagatik nabarmentzen gara, zure behar eta egoera espezifikoetara egokitutako irtenbideak eskainiz.\u00a0<\/span><\/span><\/p>\t\t\t\t\t\t\t\t<\/div>\n\t\t\t\t<\/div>\n\t\t\t\t<div class=\"elementor-element elementor-element-313b18d elementor-widget elementor-widget-text-editor\" data-id=\"313b18d\" data-element_type=\"widget\" data-e-type=\"widget\" data-widget_type=\"text-editor.default\">\n\t\t\t\t<div class=\"elementor-widget-container\">\n\t\t\t\t\t\t\t\t\t<p>Gainera, finantza-merkatua eta indarrean dauden aldaketa ekonomikoak ondo ulertzen ditugunez, finantzen munduari eragiten dioten joeren berri izan dezakegu, eta, horri esker, aholkularitza eguneratua eta eraginkorra eman ahal dizugu une oro.<\/p>\t\t\t\t\t\t\t\t<\/div>\n\t\t\t\t<\/div>\n\t\t\t\t\t<\/div>\n\t\t<\/div>\n\t\t\t\t\t<\/div>\n\t\t<\/section>\n\t\t\t\t<section class=\"elementor-section elementor-top-section elementor-element elementor-element-137408b2 elementor-section-boxed elementor-section-height-default elementor-section-height-default\" data-id=\"137408b2\" data-element_type=\"section\" data-e-type=\"section\" data-settings=\"{&quot;background_background&quot;:&quot;classic&quot;}\">\n\t\t\t\t\t\t<div class=\"elementor-container elementor-column-gap-default\">\n\t\t\t\t\t<div class=\"elementor-column elementor-col-100 elementor-top-column elementor-element elementor-element-896ccd6\" data-id=\"896ccd6\" data-element_type=\"column\" data-e-type=\"column\">\n\t\t\t<div class=\"elementor-widget-wrap elementor-element-populated\">\n\t\t\t\t\t\t<div class=\"elementor-element elementor-element-3ac2f625 elementor-widget-divider--view-line_text elementor-widget-divider--element-align-right elementor-invisible elementor-widget elementor-widget-divider\" data-id=\"3ac2f625\" data-element_type=\"widget\" data-e-type=\"widget\" data-settings=\"{&quot;_animation&quot;:&quot;fadeInUp&quot;}\" data-widget_type=\"divider.default\">\n\t\t\t\t<div class=\"elementor-widget-container\">\n\t\t\t\t\t\t\t<div class=\"elementor-divider\">\n\t\t\t<span class=\"elementor-divider-separator\">\n\t\t\t\t\t\t<\/span>\n\t\t<\/div>\n\t\t\t\t\t\t<\/div>\n\t\t\t\t<\/div>\n\t\t\t\t<div class=\"elementor-element elementor-element-e062cab elementor-invisible elementor-widget elementor-widget-heading\" data-id=\"e062cab\" data-element_type=\"widget\" data-e-type=\"widget\" data-settings=\"{&quot;_animation&quot;:&quot;fadeInUp&quot;,&quot;_animation_delay&quot;:200}\" data-widget_type=\"heading.default\">\n\t\t\t\t<div class=\"elementor-widget-container\">\n\t\t\t\t\t<h3 class=\"elementor-heading-title elementor-size-default\">JAKIN NAHI DUZU ZERTAN LAGUN ZAITZAKEGUN?<\/h3>\t\t\t\t<\/div>\n\t\t\t\t<\/div>\n\t\t\t\t<div class=\"elementor-element elementor-element-a3d07b9 elementor-widget__width-initial elementor-widget-tablet__width-initial elementor-widget elementor-widget-button\" data-id=\"a3d07b9\" data-element_type=\"widget\" data-e-type=\"widget\" data-widget_type=\"button.default\">\n\t\t\t\t<div class=\"elementor-widget-container\">\n\t\t\t\t\t\t\t\t\t<div class=\"elementor-button-wrapper\">\n\t\t\t\t\t<a class=\"elementor-button elementor-button-link elementor-size-sm\" href=\"https:\/\/asesoriasopela.com\/eu\/servicios\/\">\n\t\t\t\t\t\t<span class=\"elementor-button-content-wrapper\">\n\t\t\t\t\t\t\t\t\t<span class=\"elementor-button-text\">Gure Zerbitzuak<\/span>\n\t\t\t\t\t<\/span>\n\t\t\t\t\t<\/a>\n\t\t\t\t<\/div>\n\t\t\t\t\t\t\t\t<\/div>\n\t\t\t\t<\/div>\n\t\t\t\t\t<\/div>\n\t\t<\/div>\n\t\t\t\t\t<\/div>\n\t\t<\/section>\n\t\t\t\t<section class=\"elementor-section elementor-top-section elementor-element elementor-element-78a63f80 elementor-reverse-tablet elementor-reverse-mobile elementor-section-boxed elementor-section-height-default elementor-section-height-default\" data-id=\"78a63f80\" data-element_type=\"section\" data-e-type=\"section\">\n\t\t\t\t\t\t<div class=\"elementor-container elementor-column-gap-default\">\n\t\t\t\t\t<div class=\"elementor-column elementor-col-33 elementor-top-column elementor-element elementor-element-49c8740\" data-id=\"49c8740\" data-element_type=\"column\" data-e-type=\"column\" data-settings=\"{&quot;background_background&quot;:&quot;classic&quot;}\">\n\t\t\t<div class=\"elementor-widget-wrap elementor-element-populated\">\n\t\t\t\t\t\t<div class=\"elementor-element elementor-element-c4df78e elementor-widget-divider--view-line_text elementor-widget-divider--element-align-right elementor-widget-mobile__width-initial elementor-invisible elementor-widget elementor-widget-divider\" data-id=\"c4df78e\" data-element_type=\"widget\" data-e-type=\"widget\" data-settings=\"{&quot;_animation&quot;:&quot;fadeInUp&quot;}\" data-widget_type=\"divider.default\">\n\t\t\t\t<div class=\"elementor-widget-container\">\n\t\t\t\t\t\t\t<div class=\"elementor-divider\">\n\t\t\t<span class=\"elementor-divider-separator\">\n\t\t\t\t\t\t\t<span class=\"elementor-divider__text elementor-divider__element\">\n\t\t\t\tSIC\t\t\t\t<\/span>\n\t\t\t\t\t\t<\/span>\n\t\t<\/div>\n\t\t\t\t\t\t<\/div>\n\t\t\t\t<\/div>\n\t\t\t\t<div class=\"elementor-element elementor-element-de33e2a elementor-widget elementor-widget-text-editor\" data-id=\"de33e2a\" data-element_type=\"widget\" data-e-type=\"widget\" data-widget_type=\"text-editor.default\">\n\t\t\t\t<div class=\"elementor-widget-container\">\n\t\t\t\t\t\t\t\t\t<p><span style=\"vertical-align: inherit;\"><span style=\"vertical-align: inherit;\"><span style=\"vertical-align: inherit;\"><span style=\"vertical-align: inherit;\"><span style=\"vertical-align: inherit;\"><span style=\"vertical-align: inherit;\"><span style=\"vertical-align: inherit;\"><span style=\"vertical-align: inherit;\">ZER DA?<\/span><\/span><\/span><\/span><\/span><\/span><\/span><\/span><\/p><p>Industria eta Merkataritzako superintendentzia.<\/p><p>Pertsona fisikoen eta moralen kreditu-historiari buruzko informazioa bildu, erabili eta entregatzeko edo bidaltzeko zerbitzuak ematea helburu duten finantza-erakundeak.<\/p><p><span style=\"vertical-align: inherit;\"><span style=\"vertical-align: inherit;\"><span style=\"vertical-align: inherit;\"><span style=\"vertical-align: inherit;\"><span style=\"vertical-align: inherit;\"><span style=\"vertical-align: inherit;\">GURE SIC!<\/span><\/span><\/span><\/span><\/span><\/span><\/p><p><span style=\"vertical-align: inherit;\"><span style=\"vertical-align: inherit;\"><span style=\"vertical-align: inherit;\"><span style=\"vertical-align: inherit;\"><span style=\"vertical-align: inherit;\"><span style=\"vertical-align: inherit;\">7399<\/span><\/span><\/span><\/span><\/span><\/span><\/p>\t\t\t\t\t\t\t\t<\/div>\n\t\t\t\t<\/div>\n\t\t\t\t\t<\/div>\n\t\t<\/div>\n\t\t\t\t<div class=\"elementor-column elementor-col-33 elementor-top-column elementor-element elementor-element-6c63dd10 elementor-hidden-tablet elementor-hidden-mobile\" data-id=\"6c63dd10\" data-element_type=\"column\" data-e-type=\"column\" data-settings=\"{&quot;background_background&quot;:&quot;classic&quot;}\">\n\t\t\t<div class=\"elementor-widget-wrap\">\n\t\t\t\t\t\t\t<\/div>\n\t\t<\/div>\n\t\t\t\t<div class=\"elementor-column elementor-col-33 elementor-top-column elementor-element elementor-element-6533a8a9\" data-id=\"6533a8a9\" data-element_type=\"column\" data-e-type=\"column\" data-settings=\"{&quot;background_background&quot;:&quot;classic&quot;}\">\n\t\t\t<div class=\"elementor-widget-wrap elementor-element-populated\">\n\t\t\t\t\t\t<div class=\"elementor-element elementor-element-7e8f6872 elementor-widget-divider--view-line_text elementor-widget-divider--element-align-right elementor-widget-mobile__width-initial elementor-invisible elementor-widget elementor-widget-divider\" data-id=\"7e8f6872\" data-element_type=\"widget\" data-e-type=\"widget\" data-settings=\"{&quot;_animation&quot;:&quot;fadeInUp&quot;}\" data-widget_type=\"divider.default\">\n\t\t\t\t<div class=\"elementor-widget-container\">\n\t\t\t\t\t\t\t<div class=\"elementor-divider\">\n\t\t\t<span class=\"elementor-divider-separator\">\n\t\t\t\t\t\t\t<span class=\"elementor-divider__text elementor-divider__element\">\n\t\t\t\tCNAE\t\t\t\t<\/span>\n\t\t\t\t\t\t<\/span>\n\t\t<\/div>\n\t\t\t\t\t\t<\/div>\n\t\t\t\t<\/div>\n\t\t\t\t<div class=\"elementor-element elementor-element-2f31820d elementor-widget elementor-widget-text-editor\" data-id=\"2f31820d\" data-element_type=\"widget\" data-e-type=\"widget\" data-widget_type=\"text-editor.default\">\n\t\t\t\t<div class=\"elementor-widget-container\">\n\t\t\t\t\t\t\t\t\t<p><span style=\"vertical-align: inherit;\"><span style=\"vertical-align: inherit;\"><span style=\"vertical-align: inherit;\"><span style=\"vertical-align: inherit;\"><span style=\"vertical-align: inherit;\"><span style=\"vertical-align: inherit;\">ZER DA?<\/span><\/span><\/span><\/span><\/span><\/span><\/p><p>Jarduera Ekonomikoen Sailkapen Nazionala.<\/p><p>Zenbaki-sistema bat da, ekoizpen-unitate guztiak (enpresak, autonomoak) jarduera ekonomikoaren arabera taldekatzea eta sailkatzea helburu duena.<\/p><p><span style=\"vertical-align: inherit;\"><span style=\"vertical-align: inherit;\"><span style=\"vertical-align: inherit;\"><span style=\"vertical-align: inherit;\"><span style=\"vertical-align: inherit;\"><span style=\"vertical-align: inherit;\">GURE CNAE!<\/span><\/span><\/span><\/span><\/span><\/span><\/p><p><span style=\"vertical-align: inherit;\"><span style=\"vertical-align: inherit;\"><span style=\"vertical-align: inherit;\"><span style=\"vertical-align: inherit;\"><span style=\"vertical-align: inherit;\"><span style=\"vertical-align: inherit;\">7320<\/span><\/span><\/span><\/span><\/span><\/span><\/p>\t\t\t\t\t\t\t\t<\/div>\n\t\t\t\t<\/div>\n\t\t\t\t\t<\/div>\n\t\t<\/div>\n\t\t\t\t\t<\/div>\n\t\t<\/section>\n\t\t\t\t<\/div>","protected":false},"excerpt":{"rendered":"<p>BIENDENIDO A ASESOR\u00cdA SOPELA SOBRE NOSOTROS Somos un equipo altamente capacitado y experimentado en el \u00e1mbito fiscal, laboral y contable. Ofrecemos nuestros servicios para asistirte en la consecuci\u00f3n de tus metas y objetivos, y en maximizar el \u00e9xito financiero de tu vida. Nos destacamos por nuestra eficacia y habilidades a la hora de manejar los [&hellip;]<\/p>\n","protected":false},"author":1,"featured_media":0,"parent":0,"menu_order":0,"comment_status":"closed","ping_status":"closed","template":"elementor_canvas","meta":{"footnotes":""},"class_list":["post-2","page","type-page","status-publish","hentry"],"yoast_head":"<!-- This site is optimized with the Yoast SEO plugin v27.5 - https:\/\/yoast.com\/product\/yoast-seo-wordpress\/ -->\n<title>Inicio - Asesoria Sopela<\/title>\n<meta name=\"robots\" content=\"index, follow, max-snippet:-1, max-image-preview:large, max-video-preview:-1\" \/>\n<link rel=\"canonical\" href=\"https:\/\/asesoriasopela.com\/eu\/\" \/>\n<meta property=\"og:locale\" content=\"en_US\" \/>\n<meta property=\"og:type\" content=\"article\" \/>\n<meta property=\"og:title\" content=\"Inicio - Asesoria Sopela\" \/>\n<meta property=\"og:description\" content=\"BIENDENIDO A ASESOR\u00cdA SOPELA SOBRE NOSOTROS Somos un equipo altamente capacitado y experimentado en el \u00e1mbito fiscal, laboral y contable. Ofrecemos nuestros servicios para asistirte en la consecuci\u00f3n de tus metas y objetivos, y en maximizar el \u00e9xito financiero de tu vida. Nos destacamos por nuestra eficacia y habilidades a la hora de manejar los [&hellip;]\" \/>\n<meta property=\"og:url\" content=\"https:\/\/asesoriasopela.com\/eu\/\" \/>\n<meta property=\"og:site_name\" content=\"Asesoria Sopela\" \/>\n<meta property=\"article:modified_time\" content=\"2023-10-24T10:42:44+00:00\" \/>\n<meta property=\"og:image\" content=\"https:\/\/asesoriasopela.com\/wp-content\/uploads\/elementor\/thumbs\/group-of-business-consultant-working-management-big-data-and-analyze-financial-document-of-company-qeae4ii6b9itihf1nlbmcq6dzw7y4ua506j9ehk9c0.jpg\" \/>\n<meta name=\"twitter:card\" content=\"summary_large_image\" \/>\n<meta name=\"twitter:label1\" content=\"Est. reading time\" \/>\n\t<meta name=\"twitter:data1\" content=\"1 minutua\" \/>\n<script type=\"application\/ld+json\" class=\"yoast-schema-graph\">{\"@context\":\"https:\\\/\\\/schema.org\",\"@graph\":[{\"@type\":\"WebPage\",\"@id\":\"https:\\\/\\\/asesoriasopela.com\\\/\",\"url\":\"https:\\\/\\\/asesoriasopela.com\\\/\",\"name\":\"Inicio - Asesoria Sopela\",\"isPartOf\":{\"@id\":\"https:\\\/\\\/asesoriasopela.com\\\/#website\"},\"primaryImageOfPage\":{\"@id\":\"https:\\\/\\\/asesoriasopela.com\\\/#primaryimage\"},\"image\":{\"@id\":\"https:\\\/\\\/asesoriasopela.com\\\/#primaryimage\"},\"thumbnailUrl\":\"https:\\\/\\\/asesoriasopela.com\\\/wp-content\\\/uploads\\\/elementor\\\/thumbs\\\/group-of-business-consultant-working-management-big-data-and-analyze-financial-document-of-company-qeae4ii6b9itihf1nlbmcq6dzw7y4ua506j9ehk9c0.jpg\",\"datePublished\":\"2023-10-23T10:02:23+00:00\",\"dateModified\":\"2023-10-24T10:42:44+00:00\",\"breadcrumb\":{\"@id\":\"https:\\\/\\\/asesoriasopela.com\\\/#breadcrumb\"},\"inLanguage\":\"eu\",\"potentialAction\":[{\"@type\":\"ReadAction\",\"target\":[\"https:\\\/\\\/asesoriasopela.com\\\/\"]}]},{\"@type\":\"ImageObject\",\"inLanguage\":\"eu\",\"@id\":\"https:\\\/\\\/asesoriasopela.com\\\/#primaryimage\",\"url\":\"https:\\\/\\\/asesoriasopela.com\\\/wp-content\\\/uploads\\\/elementor\\\/thumbs\\\/group-of-business-consultant-working-management-big-data-and-analyze-financial-document-of-company-qeae4ii6b9itihf1nlbmcq6dzw7y4ua506j9ehk9c0.jpg\",\"contentUrl\":\"https:\\\/\\\/asesoriasopela.com\\\/wp-content\\\/uploads\\\/elementor\\\/thumbs\\\/group-of-business-consultant-working-management-big-data-and-analyze-financial-document-of-company-qeae4ii6b9itihf1nlbmcq6dzw7y4ua506j9ehk9c0.jpg\"},{\"@type\":\"BreadcrumbList\",\"@id\":\"https:\\\/\\\/asesoriasopela.com\\\/#breadcrumb\",\"itemListElement\":[{\"@type\":\"ListItem\",\"position\":1,\"name\":\"Portada\",\"item\":\"https:\\\/\\\/asesoriasopela.com\\\/\"},{\"@type\":\"ListItem\",\"position\":2,\"name\":\"Inicio\"}]},{\"@type\":\"WebSite\",\"@id\":\"https:\\\/\\\/asesoriasopela.com\\\/#website\",\"url\":\"https:\\\/\\\/asesoriasopela.com\\\/\",\"name\":\"Asesoria Sopela\",\"description\":\"Asesor\u00eda fiscal, laboral y contable.\",\"potentialAction\":[{\"@type\":\"SearchAction\",\"target\":{\"@type\":\"EntryPoint\",\"urlTemplate\":\"https:\\\/\\\/asesoriasopela.com\\\/?s={search_term_string}\"},\"query-input\":{\"@type\":\"PropertyValueSpecification\",\"valueRequired\":true,\"valueName\":\"search_term_string\"}}],\"inLanguage\":\"eu\"}]}<\/script>\n<!-- \/ Yoast SEO plugin. -->","yoast_head_json":{"title":"Inicio - Asesoria Sopela","robots":{"index":"index","follow":"follow","max-snippet":"max-snippet:-1","max-image-preview":"max-image-preview:large","max-video-preview":"max-video-preview:-1"},"canonical":"https:\/\/asesoriasopela.com\/eu\/","og_locale":"en_US","og_type":"article","og_title":"Inicio - Asesoria Sopela","og_description":"BIENDENIDO A ASESOR\u00cdA SOPELA SOBRE NOSOTROS Somos un equipo altamente capacitado y experimentado en el \u00e1mbito fiscal, laboral y contable. Ofrecemos nuestros servicios para asistirte en la consecuci\u00f3n de tus metas y objetivos, y en maximizar el \u00e9xito financiero de tu vida. Nos destacamos por nuestra eficacia y habilidades a la hora de manejar los [&hellip;]","og_url":"https:\/\/asesoriasopela.com\/eu\/","og_site_name":"Asesoria Sopela","article_modified_time":"2023-10-24T10:42:44+00:00","og_image":[{"url":"https:\/\/asesoriasopela.com\/wp-content\/uploads\/elementor\/thumbs\/group-of-business-consultant-working-management-big-data-and-analyze-financial-document-of-company-qeae4ii6b9itihf1nlbmcq6dzw7y4ua506j9ehk9c0.jpg","type":"","width":"","height":""}],"twitter_card":"summary_large_image","twitter_misc":{"Est. reading time":"1 minutua"},"schema":{"@context":"https:\/\/schema.org","@graph":[{"@type":"WebPage","@id":"https:\/\/asesoriasopela.com\/","url":"https:\/\/asesoriasopela.com\/","name":"Inicio - Asesoria Sopela","isPartOf":{"@id":"https:\/\/asesoriasopela.com\/#website"},"primaryImageOfPage":{"@id":"https:\/\/asesoriasopela.com\/#primaryimage"},"image":{"@id":"https:\/\/asesoriasopela.com\/#primaryimage"},"thumbnailUrl":"https:\/\/asesoriasopela.com\/wp-content\/uploads\/elementor\/thumbs\/group-of-business-consultant-working-management-big-data-and-analyze-financial-document-of-company-qeae4ii6b9itihf1nlbmcq6dzw7y4ua506j9ehk9c0.jpg","datePublished":"2023-10-23T10:02:23+00:00","dateModified":"2023-10-24T10:42:44+00:00","breadcrumb":{"@id":"https:\/\/asesoriasopela.com\/#breadcrumb"},"inLanguage":"eu","potentialAction":[{"@type":"ReadAction","target":["https:\/\/asesoriasopela.com\/"]}]},{"@type":"ImageObject","inLanguage":"eu","@id":"https:\/\/asesoriasopela.com\/#primaryimage","url":"https:\/\/asesoriasopela.com\/wp-content\/uploads\/elementor\/thumbs\/group-of-business-consultant-working-management-big-data-and-analyze-financial-document-of-company-qeae4ii6b9itihf1nlbmcq6dzw7y4ua506j9ehk9c0.jpg","contentUrl":"https:\/\/asesoriasopela.com\/wp-content\/uploads\/elementor\/thumbs\/group-of-business-consultant-working-management-big-data-and-analyze-financial-document-of-company-qeae4ii6b9itihf1nlbmcq6dzw7y4ua506j9ehk9c0.jpg"},{"@type":"BreadcrumbList","@id":"https:\/\/asesoriasopela.com\/#breadcrumb","itemListElement":[{"@type":"ListItem","position":1,"name":"Portada","item":"https:\/\/asesoriasopela.com\/"},{"@type":"ListItem","position":2,"name":"Inicio"}]},{"@type":"WebSite","@id":"https:\/\/asesoriasopela.com\/#website","url":"https:\/\/asesoriasopela.com\/","name":"Asesoria Sopela","description":"Asesor\u00eda fiscal, laboral y contable.","potentialAction":[{"@type":"SearchAction","target":{"@type":"EntryPoint","urlTemplate":"https:\/\/asesoriasopela.com\/?s={search_term_string}"},"query-input":{"@type":"PropertyValueSpecification","valueRequired":true,"valueName":"search_term_string"}}],"inLanguage":"eu"}]}},"_links":{"self":[{"href":"https:\/\/asesoriasopela.com\/eu\/wp-json\/wp\/v2\/pages\/2","targetHints":{"allow":["GET"]}}],"collection":[{"href":"https:\/\/asesoriasopela.com\/eu\/wp-json\/wp\/v2\/pages"}],"about":[{"href":"https:\/\/asesoriasopela.com\/eu\/wp-json\/wp\/v2\/types\/page"}],"author":[{"embeddable":true,"href":"https:\/\/asesoriasopela.com\/eu\/wp-json\/wp\/v2\/users\/1"}],"replies":[{"embeddable":true,"href":"https:\/\/asesoriasopela.com\/eu\/wp-json\/wp\/v2\/comments?post=2"}],"version-history":[{"count":85,"href":"https:\/\/asesoriasopela.com\/eu\/wp-json\/wp\/v2\/pages\/2\/revisions"}],"predecessor-version":[{"id":505,"href":"https:\/\/asesoriasopela.com\/eu\/wp-json\/wp\/v2\/pages\/2\/revisions\/505"}],"wp:attachment":[{"href":"https:\/\/asesoriasopela.com\/eu\/wp-json\/wp\/v2\/media?parent=2"}],"curies":[{"name":"wp","href":"https:\/\/api.w.org\/{rel}","templated":true}]}}